{"id":100,"date":"2012-04-07T16:52:18","date_gmt":"2012-04-07T16:52:18","guid":{"rendered":"http:\/\/www.optyk-kielce.pl\/?page_id=100"},"modified":"2020-03-29T16:52:52","modified_gmt":"2020-03-29T16:52:52","slug":"okulary-przeciwsloneczne","status":"publish","type":"page","link":"https:\/\/www.optyk-kielce.pl\/?page_id=100","title":{"rendered":"Okulary przeciws\u0142oneczne"},"content":{"rendered":"<p>Okulary przeciws\u0142oneczne nie tylko poprawiaj\u0105 komfort widzenia i chroni\u0105&nbsp; przed szkodliwym promieniowaniem s\u0142onecznym, ale s\u0105 r\u00f3wnie\u017c wa\u017cnym elementem wsp\u00f3\u0142czesnej mody, dodaj\u0105cym uroku i podkre\u015blaj\u0105cym osobowo\u015b\u0107. Kolorowe magazyny pe\u0142ne s\u0105 zdj\u0119\u0107 gwiazd filmowych i muzycznych nosz\u0105cych ciemne okulary. S\u0105 niezb\u0119dne w czasie s\u0142onecznych dni tak latem jak i zim\u0105 w mie\u015bcie jak i na wycieczce g\u00f3rach.<\/p>\n<p><img loading=\"lazy\" class=\"  wp-image-429 alignright\" src=\"\/wp-content\/uploads\/2014\/12\/dolce-gabbana.jpg\" alt=\"dolce-gabbana\" width=\"390\" height=\"222\"><\/p>\n<p>&nbsp;<\/p>\n<p>Pomagaj\u0105&nbsp; lepiej widzie\u0107 kiedy prowadzimy samoch\u00f3d i chroni\u0105 nasze oczy podczas jazdy na rolkach czy rowerze.<\/p>\n<p>&nbsp;<\/p>\n<p>W naszych salonach wybierzecie Pa\u0144stwo najlepsze dla siebie okulary przeciws\u0142oneczne, doradzimy jak\u0105 wybra\u0107 opraw\u0119 i najlepsze szk\u0142a, wyja\u015bnimy dlaczego tak wa\u017cna jest ochrona oczu przed szkodliwym promieniowaniem UV. Mamy w ofercie okulary wi\u0119kszo\u015bci marek zar\u00f3wno dla kierowc\u00f3w jak i sportowc\u00f3w, biznesmena jak i podr\u00f3\u017cnika.<\/p>\n<p>&nbsp;<\/p>\n<p>Nie zapominamy o osobach z wadami wzroku mo\u017cemy zaproponowa\u0107 Pa\u0144stwu okulary z korekcyjnymi wk\u0142adami clip-on&nbsp; lub pom\u00f3c dobra\u0107 soczewki kontaktowe, kt\u00f3re pozwol\u0105 nosi\u0107 najmodniejsze okulary przeciws\u0142oneczne.<\/p>\n","protected":false},"excerpt":{"rendered":"<p>Okulary przeciws\u0142oneczne nie tylko poprawiaj\u0105 komfort widzenia i chroni\u0105&nbsp; przed szkodliwym promieniowaniem s\u0142onecznym, ale s\u0105 r\u00f3wnie\u017c wa\u017cnym elementem wsp\u00f3\u0142czesnej mody, dodaj\u0105cym uroku i podkre\u015blaj\u0105cym osobowo\u015b\u0107. Kolorowe magazyny pe\u0142ne s\u0105 zdj\u0119\u0107 gwiazd filmowych i muzycznych nosz\u0105cych ciemne okulary. S\u0105 niezb\u0119dne w czasie s\u0142onecznych dni tak latem jak i zim\u0105 w mie\u015bcie jak i na wycieczce g\u00f3rach&#8230;.<\/p>\n","protected":false},"author":1,"featured_media":0,"parent":24,"menu_order":0,"comment_status":"closed","ping_status":"open","template":"template-fullwidth.php","meta":[],"_links":{"self":[{"href":"https:\/\/www.optyk-kielce.pl\/index.php?rest_route=\/wp\/v2\/pages\/100"}],"collection":[{"href":"https:\/\/www.optyk-kielce.pl\/index.php?rest_route=\/wp\/v2\/pages"}],"about":[{"href":"https:\/\/www.optyk-kielce.pl\/index.php?rest_route=\/wp\/v2\/types\/page"}],"author":[{"embeddable":true,"href":"https:\/\/www.optyk-kielce.pl\/index.php?rest_route=\/wp\/v2\/users\/1"}],"replies":[{"embeddable":true,"href":"https:\/\/www.optyk-kielce.pl\/index.php?rest_route=%2Fwp%2Fv2%2Fcomments&post=100"}],"version-history":[{"count":10,"href":"https:\/\/www.optyk-kielce.pl\/index.php?rest_route=\/wp\/v2\/pages\/100\/revisions"}],"predecessor-version":[{"id":491,"href":"https:\/\/www.optyk-kielce.pl\/index.php?rest_route=\/wp\/v2\/pages\/100\/revisions\/491"}],"up":[{"embeddable":true,"href":"https:\/\/www.optyk-kielce.pl\/index.php?rest_route=\/wp\/v2\/pages\/24"}],"wp:attachment":[{"href":"https:\/\/www.optyk-kielce.pl\/index.php?rest_route=%2Fwp%2Fv2%2Fmedia&parent=100"}],"curies":[{"name":"wp","href":"https:\/\/api.w.org\/{rel}","templated":true}]}}